{"id":423,"date":"2017-10-10T17:01:35","date_gmt":"2017-10-10T14:01:35","guid":{"rendered":"http:\/\/31.217.196.198\/~qfwxlryh\/villa\/?page_id=423"},"modified":"2020-07-17T14:44:17","modified_gmt":"2020-07-17T11:44:17","slug":"tyoohjeet","status":"publish","type":"page","link":"https:\/\/villa.pikkujalo.fi\/en\/tyoohjeet\/","title":{"rendered":"Ty\u00f6ohjeet"},"content":{"rendered":"\n<p><strong><a name=\"mokki\"><\/a>M\u00f6kki<\/strong><\/p>\n<table>\n<tbody>\n<tr valign=\"top\">\n<th>Kohde<\/th>\n<th>Ohjeet<\/th>\n<\/tr>\n<tr>\n<td>Lokakaivo<\/td>\n<td>Lokakaivossa on langaton t\u00e4yttymish\u00e4lytin. H\u00e4lytin on kodinhoitohuoneen sein\u00e4ll\u00e4. Sen pit\u00e4\u00e4 olla kytkettyn\u00e4 verkkovirtaan ja vihre\u00e4n OK-valon palaa. Mik\u00e4li punainen error-valo palaa, ei t\u00e4yttymissensorilta ole saatu signaalia, ja <strong>t\u00e4ll\u00f6in kaivo on tarkastettava k\u00e4ym\u00e4ll\u00e4 katsomassa kaivoon<\/strong>. Mik\u00e4li punainen full-valo palaa, on kaivo t\u00e4ynn\u00e4. Virhetilanteesta tai kaivon t\u00e4yttymisest\u00e4 ilmoitetaan omistajalle. Jos lis\u00e4ksi kuuluu \u00e4\u00e4nisignaali, voi sen kuitata reset-painikkeella.<\/td>\n<\/tr>\n<tr>\n<td>Lattiakaivot<\/td>\n<td>Kodinhoitohuoneen ja pesuhuoneen lattiakaivot saattavat ruveta haisemaan jos p\u00e4\u00e4sev\u00e4t kuivumaan. Jos hajua on, kaadetaan lattiakaivoihin sangolla vett\u00e4<\/td>\n<\/tr>\n<tr>\n<td>Avainten tarkastus<\/td>\n<td>Tarkistetaan, ett\u00e4 avains\u00e4il\u00f6ss\u00e4 on yhdet avaimet ja sis\u00e4ll\u00e4 avainkaapissa toiset<\/td>\n<\/tr>\n<tr>\n<td>Ilmal\u00e4mp\u00f6pumppu<\/td>\n<td>\nIlmal\u00e4mp\u00f6pumppu laitetaan pois p\u00e4\u00e4lt\u00e4 tai p\u00e4\u00e4lle kaukos\u00e4\u00e4timen on\/off napista. L\u00e4mmityskaudella pumppu pidet\u00e4\u00e4n p\u00e4\u00e4ll\u00e4, kes\u00e4aikaan hellekausia lukuunottamatta pois p\u00e4\u00e4lt\u00e4. Vuokralaisten j\u00e4ljilt\u00e4 pumppu voi olla miss\u00e4 tilassa tahansa, joten p\u00e4\u00e4ll\u00e4\/tai poissaolo ja oikeat asetukset on varmistettava. Jos pumpun sis\u00e4yksik\u00f6n n\u00e4yt\u00f6ss\u00e4 ei n\u00e4y mit\u00e4\u00e4n, on se luultavimmin pois p\u00e4\u00e4lt\u00e4. L\u00e4mp\u00f6tilan s\u00e4\u00e4t\u00f6 +\/- -napeilla. Yleens\u00e4 normaalil\u00e4mm\u00f6ksi s\u00e4\u00e4det\u00e4\u00e4n 22-24 astetta. Jos sis\u00e4l\u00e4mp\u00f6tila on l\u00e4mp\u00f6mittarin mukaan sopiva (21-23 astetta), ei s\u00e4\u00e4t\u00f6\u00f6n tarvitse koskea; jos sis\u00e4ll\u00e4 on kylmemp\u00e4\u00e4 tai kuumempaa, muutetaan pumpun asetusta vastaavasti yl\u00f6s- tai alasp\u00e4in (esim. jos sis\u00e4ll\u00e4 on l\u00e4mp\u00f6mittarin mukaan vain 19 astetta, voi pumpun asetusl\u00e4mp\u00f6tilaa nostaa parilla asteella senhetkisest\u00e4). Lis\u00e4ksi varmistetaan, ett\u00e4:\n<ul>\n<li>pumppu on l\u00e4mmityskaudella varmasti l\u00e4mmityksell\u00e4 (painetaan n\u00e4pp\u00e4int\u00e4 HEAT)<\/li>\n<li>puhallusvoimakkuus on asennossa AUTO (painetaan n\u00e4pp\u00e4int\u00e4 FAN kunnes kaukos\u00e4\u00e4timen n\u00e4yt\u00f6ss\u00e4 n\u00e4kyy AUTO)<\/li>\n<li>verkkoyhteys on p\u00e4\u00e4ll\u00e4 (painetaan n\u00e4pp\u00e4int\u00e4 WiFi kunnes kaukos\u00e4\u00e4timen n\u00e4yt\u00f6ss\u00e4 n\u00e4kyy teksti WIFI)<\/li>\n<li>l\u00e4mp\u00f6tilanmittaus tapahtuu kaukos\u00e4\u00e4timelt\u00e4 (painetaan n\u00e4pp\u00e4int\u00e4 I Feel kunnes kaukos\u00e4\u00e4timen n\u00e4yt\u00f6n alanurkassa n\u00e4kyy symboli).<\/li>\n<\/ul>\n<\/td>\n<\/tr>\n<tr>\n<td>Takan pellit<\/td>\n<td>Takassa on kolme pelti\u00e4: kaksi hormipelti\u00e4 (takan yl\u00e4osassa ja hormissa) sek\u00e4 kes\u00e4pelti.<\/td>\n<\/tr>\n<tr>\n<td>Liesituuletin<\/td>\n<td>Liesikuvun alapinnassa on kiertos\u00e4\u00e4din, jolla s\u00e4\u00e4det\u00e4\u00e4n liesituulettimen tehoa. Asennot ovat 3 \u2013 pois \u2013\u2013 1 \u2013 2 \u2013 3 (asentojen pois ja 1 v\u00e4liss\u00e4 on pidempi v\u00e4li). Normaalisti s\u00e4\u00e4din pidet\u00e4\u00e4n aina asennossa 1 (k\u00e4\u00e4nn\u00e4 my\u00f6t\u00e4p\u00e4iv\u00e4\u00e4n \u00e4\u00e4riasentoon ja sen j\u00e4lkeen kaksi askelta takaisin).<\/td>\n<\/tr>\n<tr>\n<td>Huippuimuri<\/td>\n<td>Huippuimurin s\u00e4\u00e4t\u00f6 on pesuhuoneen oven vieress\u00e4. Kiertos\u00e4\u00e4timen toisessa \u00e4\u00e4rip\u00e4\u00e4ss\u00e4 s\u00e4\u00e4t\u00f6 &#8220;naksahtaa&#8221; ja valo sammuu = pois p\u00e4\u00e4lt\u00e4; toisessa \u00e4\u00e4rip\u00e4\u00e4ss\u00e4 teho on minimill\u00e4. Maksimi taas on heti pois-asennon vieress\u00e4. Normaalisti huippuimuri kytket\u00e4\u00e4n pois p\u00e4\u00e4lt\u00e4.<\/td>\n<\/tr>\n<tr>\n<td>Lattial\u00e4mmitys<\/td>\n<td>Olohuoneen sein\u00e4ss\u00e4 on lattial\u00e4mmitystermostaatti, jonka l\u00e4mp\u00f6tila s\u00e4\u00e4tyy kiert\u00e4m\u00e4ll\u00e4 (<strong>HUOM! vain kun l\u00e4mmitys on p\u00e4iv\u00e4k\u00e4yt\u00f6ll\u00e4<\/strong>, ks. tekninen tila). Painamalla valitaan jatkuva\/ajastettu l\u00e4mmitys; molempiin asetetaan varmuuden vuoksi sama l\u00e4mp\u00f6)<\/td>\n<\/tr>\n<\/tbody>\n<\/table>\n<p><strong><a name=\"tekninen\"><\/a>Tekninen tila<br \/><\/strong><\/p>\n<table>\n<tbody>\n<tr valign=\"top\">\n<th>Kohde<\/th>\n<th>Ohjeet<\/th>\n<\/tr>\n<tr>\n<td>L\u00e4mminvesivaraaja<\/td>\n<td>L\u00e4mminvesivaraajan kytkimess\u00e4 on kaksi asentoa, p\u00e4\u00e4ll\u00e4 ja pois. Lis\u00e4ksi kytkimen yl\u00e4puolella on painonappi, joka kytkee &#8220;lyhyen&#8221; p\u00e4iv\u00e4k\u00e4yt\u00f6n (seuraavan y\u00f6h\u00f6n asti) ja sulaketaulun vieress\u00e4 on iso katkaisija, joka kytkee jatkuvan p\u00e4iv\u00e4k\u00e4yt\u00f6n (HUOM: jos jatkuva p\u00e4iv\u00e4k\u00e4ytt\u00f6 kytket\u00e4\u00e4n p\u00e4\u00e4lle, se ohittaa poiskytkenn\u00e4n). Normaalisti varaaja on y\u00f6k\u00e4yt\u00f6ll\u00e4 vuokralaisten aikana ja pois p\u00e4\u00e4lt\u00e4 kun m\u00f6kki on tyhjill\u00e4\u00e4n. Kun varaaja on ollut pois p\u00e4\u00e4lt\u00e4 ja se kytket\u00e4\u00e4n uudelleen p\u00e4\u00e4lle, kytket\u00e4\u00e4n samalla &#8220;lyhyt&#8221; p\u00e4iv\u00e4k\u00e4ytt\u00f6, jotta vesi ehtii varmasti l\u00e4mmet\u00e4. Lis\u00e4ksi varaajalle on kello, joka siirt\u00e4\u00e4 y\u00f6l\u00e4mmityksen kytkeytymist\u00e4 hieman my\u00f6hemm\u00e4ksi. On hyv\u00e4 tarkistaa, ett\u00e4 kello on oikeassa ajassa (v\u00e4k\u00e4nen oikeassa laidassa) ja py\u00f6ritt\u00e4\u00e4 se oikeaan aikaan jos ei ole.<img loading=\"lazy\" class=\"aligncenter size-full wp-image-867\" src=\"http:\/\/31.217.196.198\/~qfwxlryh\/villa\/wp-content\/uploads\/lvv_lammitykset.png\" alt=\"\" width=\"1806\" height=\"889\" srcset=\"https:\/\/villa.pikkujalo.fi\/wp-content\/uploads\/lvv_lammitykset.png 1806w, https:\/\/villa.pikkujalo.fi\/wp-content\/uploads\/lvv_lammitykset-150x74.png 150w, https:\/\/villa.pikkujalo.fi\/wp-content\/uploads\/lvv_lammitykset-300x148.png 300w, https:\/\/villa.pikkujalo.fi\/wp-content\/uploads\/lvv_lammitykset-768x378.png 768w, https:\/\/villa.pikkujalo.fi\/wp-content\/uploads\/lvv_lammitykset-1024x504.png 1024w\" sizes=\"(max-width: 706px) 89vw, (max-width: 767px) 82vw, 740px\" \/><\/td>\n<\/tr>\n<tr>\n<td>Suora s\u00e4hk\u00f6l\u00e4mmitys<\/td>\n<td>Sulaketaulun alapuolella on suoran s\u00e4hk\u00f6l\u00e4mmityksen katkaisija, jossa on kolme asentoa: pois, jatkuva ja y\u00f6s\u00e4hk\u00f6. Suora s\u00e4hk\u00f6l\u00e4mmitys l\u00e4mmitt\u00e4\u00e4 m\u00f6kin laattalattiaisia tiloja. Sen termostaatit ovat s\u00e4hk\u00f6kaapin alalaidassa (kaksi termostaattia). Kun m\u00f6kkiin on tulossa asukkaita, s\u00e4\u00e4det\u00e4\u00e4n n\u00e4m\u00e4 n. 25 asteeseen, muulloin n. 10 asteeseen. <img loading=\"lazy\" class=\"aligncenter size-full wp-image-867\" src=\"http:\/\/31.217.196.198\/~qfwxlryh\/villa\/wp-content\/uploads\/termostaatit.png\" alt=\"\" width=\"1806\" height=\"889\" \/> <\/td>\n<\/tr>\n<tr>\n<td>Osittain varaava s\u00e4hk\u00f6l\u00e4mmitys<\/td>\n<td>Sulaketaulun alapuolella on osittain varaavan s\u00e4hk\u00f6l\u00e4mmityksen katkaisija, joissa on kolme asentoa: pois, jatkuva ja y\u00f6s\u00e4hk\u00f6. (ks. kuva l\u00e4mminvesivaraajan yhteydess\u00e4)<\/td>\n<\/tr>\n<tr>\n<td>P\u00e4\u00e4hana<\/td>\n<td>P\u00e4\u00e4hana on valkoinen hana pystysuorassa lattiasta nousevassa putkessa. Hana on auki kun se on pystysuorassa ja kiinni kun se on vaakasuorassa. <img loading=\"lazy\" class=\"aligncenter size-full wp-image-870\" src=\"http:\/\/31.217.196.198\/~qfwxlryh\/villa\/wp-content\/uploads\/paahana.png\" alt=\"\" width=\"827\" height=\"521\" srcset=\"https:\/\/villa.pikkujalo.fi\/wp-content\/uploads\/paahana.png 827w, https:\/\/villa.pikkujalo.fi\/wp-content\/uploads\/paahana-150x94.png 150w, https:\/\/villa.pikkujalo.fi\/wp-content\/uploads\/paahana-300x189.png 300w, https:\/\/villa.pikkujalo.fi\/wp-content\/uploads\/paahana-768x484.png 768w\" sizes=\"(max-width: 706px) 89vw, (max-width: 767px) 82vw, 740px\" \/><\/td>\n<\/tr>\n<tr>\n<td>Sulakkeet<\/td>\n<td>Kaikki sulakkeet yht\u00e4 lukuunottamatta pit\u00e4isi olla p\u00e4\u00e4ll\u00e4.<img loading=\"lazy\" class=\"aligncenter size-full wp-image-867\" src=\"http:\/\/31.217.196.198\/~qfwxlryh\/villa\/wp-content\/uploads\/sulakkeet.png\" alt=\"\" width=\"1806\" height=\"889\" \/>\n<\/tr>\n<\/tbody>\n<\/table>\n<p><strong><a name=\"saunatupa\"><\/a>Saunatupa<br \/><\/strong><\/p>\n<table>\n<tbody>\n<tr valign=\"top\">\n<th>Kohde<\/th>\n<th>Ohjeet<\/th>\n<\/tr>\n<tr>\n<td>Pumppu<\/td>\n<td>Pumpun katkaisija on saunatuvan keitti\u00f6n alakaapin sis\u00e4ll\u00e4 takasein\u00e4ss\u00e4. Punainen nappi alaspainettuna = pois p\u00e4\u00e4lt\u00e4, musta nappi alaspainettuna = p\u00e4\u00e4ll\u00e4<img loading=\"lazy\" class=\"aligncenter size-full wp-image-867\" src=\"http:\/\/31.217.196.198\/~qfwxlryh\/villa\/wp-content\/uploads\/kaivopumppu.png\" alt=\"\" width=\"1806\" height=\"889\" \/><\/td>\n<\/tr>\n<tr>\n<td>L\u00e4mminvesivaraaja<\/td>\n<td>Saunan l\u00e4mminvesivaraaja kytket\u00e4\u00e4n p\u00e4\u00e4lle ja pois k\u00e4\u00e4nt\u00e4m\u00e4ll\u00e4 kaikki kolme varaajan sulaketta p\u00e4\u00e4lle tai pois. Sulakkeet ovat saunatuvan keitti\u00f6n alakaapissa takasein\u00e4ll\u00e4.<img loading=\"lazy\" class=\"aligncenter size-full wp-image-867\" src=\"http:\/\/31.217.196.198\/~qfwxlryh\/villa\/wp-content\/uploads\/rantasauna_lvv.png\" alt=\"\" width=\"1806\" height=\"889\" \/><\/td>\n<\/tr>\n<tr>\n<td>Takan pelti<\/td>\n<td>Takassa on kaksi pelti\u00e4: takan yl\u00e4puolella hormissa ja takan vasemmalla puolella sein\u00e4n vieress\u00e4.<\/td>\n<\/tr>\n<tr>\n<td>L\u00e4mmitys<\/td>\n<td>Sein\u00e4ss\u00e4 saunatuvan keitti\u00f6n vieress\u00e4 on termostaatti, jonka l\u00e4mp\u00f6tila s\u00e4\u00e4tyy kiert\u00e4m\u00e4ll\u00e4 (HUOM vain kun l\u00e4mmitys on sulaketaulusta p\u00e4\u00e4ll\u00e4). Painamalla valitaan jatkuva\/ajastettu l\u00e4mmitys; molempiin asetetaan varmuuden vuoksi sama l\u00e4mp\u00f6<\/td>\n<\/tr>\n<tr>\n<td>J\u00e4\u00e4kaappi<\/td>\n<td>J\u00e4\u00e4kaapissa on erillinen virtakytkin<\/td>\n<\/tr>\n<\/tbody>\n<\/table>\n<p><strong><a name=\"sauna\"><\/a>Rantasaunan pesutilat<br \/><\/strong><\/p>\n<table>\n<tbody>\n<tr valign=\"top\">\n<th>Kohde<\/th>\n<th>Ohjeet<\/th>\n<\/tr>\n<tr>\n<td>Lattial\u00e4mmitys<\/td>\n<td>\n<p class=\"p1\">Rantasaunan lattial\u00e4mmityksen ohjaus on l\u00e4pin\u00e4kyv\u00e4n muovikannen alla sein\u00e4n vieress\u00e4. Katkaisija kytkee l\u00e4mmityksen p\u00e4\u00e4lle ja pois, termostaatin s\u00e4\u00e4t\u00f6 py\u00f6ritt\u00e4m\u00e4ll\u00e4 s\u00e4\u00e4dint\u00e4. Sopiva asento on n. 2,5 (kes\u00e4ll\u00e4) &#8211; 3 (talvella) kun saunaa k\u00e4ytet\u00e4\u00e4n, n. 1,5 muulloin<\/p>\n<\/td>\n<\/tr>\n<tr>\n<td>Kiukaan pelti<\/td>\n<td>Kiukaan yl\u00e4puolella hormissa<\/td>\n<\/tr>\n<\/tbody>\n<\/table>\n<p><strong><a name=\"ulko\"><\/a>Ulkoalue<\/strong><\/p>\n<table>\n<tbody>\n<tr valign=\"top\">\n<th>Kohde<\/th>\n<th>Ohjeet<\/th>\n<\/tr>\n<tr>\n<td>Laituri ja pihakalusteet<\/td>\n<td>Katsotaan onko pihakalusteiden p\u00e4\u00e4ll\u00e4 (runsaasti) siitep\u00f6ly\u00e4 ja pyyhit\u00e4\u00e4n tarvittaessa. Katsotaan onko laiturilla lintujen j\u00e4t\u00f6ksi\u00e4 ja siivotaan tarvittaessa.<\/td>\n<\/tr>\n<tr>\n<td>Ruohonleikkuu<\/td>\n<td>Leikataan ruoho kylvetyilt\u00e4 alueilta m\u00f6kin ja rantasaunan ymp\u00e4rilt\u00e4, jos pitk\u00e4\u00e4. Ruoholeikkuri ja bensaa on isossa tallissa, tallin oven kaukos\u00e4\u00e4din on oven vieress\u00e4 sis\u00e4puolella. \n<\/tr>\n<tr>\n<td>Ilmal\u00e4mp\u00f6pumppu<\/td>\n<td>M\u00f6kin ulkosein\u00e4ll\u00e4, keitti\u00f6n ikkunan alla, on ilmal\u00e4mp\u00f6pumpun ulkoyksikk\u00f6. Sulatus- ja kondessivesi johdetaan putkea pitkin sadevesikaivoon. Keruutasolla ja putkessa on l\u00e4mmitys (p\u00e4\u00e4ll\u00e4 talvisaikaan, katkaisija ulkoyksik\u00f6n vieress\u00e4). Kovilla pakkasilla keruutasoon saattaa kerty\u00e4 hieman j\u00e4\u00e4t\u00e4, mutta veden pit\u00e4isi silti aina p\u00e4\u00e4st\u00e4 valumaan pois. Jos huomaat ett\u00e4 j\u00e4\u00e4t\u00e4 rupeaa kertym\u00e4\u00e4n enemm\u00e4n, ilmoita omistajalle<\/td>\n<\/tr>\n<tr>\n<td>Lumity\u00f6t<\/td>\n<td>Poistetaan lumet sis\u00e4\u00e4ntuloreitilt\u00e4: terassin portaat, katettu kuisti ulko-ovelle asti, s\u00e4hk\u00f6kaapin edusta<\/td>\n<\/tr>\n<\/tbody>\n<\/table>\n<p><strong><a name=\"ilmoitus\"><\/a>K\u00e4ynneist\u00e4 ilmoittaminen:<\/strong><\/p>\n<p>Kohteessa on normaalisti murtoh\u00e4lytys p\u00e4\u00e4ll\u00e4 sen ollessa tyhjill\u00e4\u00e4n. K\u00e4yntip\u00e4iv\u00e4t sovitaan etuk\u00e4teen. Omistaja laittaa h\u00e4lyt pois p\u00e4\u00e4lt\u00e4 k\u00e4yntip\u00e4iv\u00e4n aamuna (n. klo 7-8), ja kun k\u00e4ynti on tehty, ilmoitetaan tekstarilla, jotta omistaja tiet\u00e4\u00e4 laittaa h\u00e4lyt takaisin p\u00e4\u00e4lle. Mik\u00e4li k\u00e4ynti on samana p\u00e4iv\u00e4n\u00e4 kun uudet vuokralaiset ovat tulossa, ei ilmoittaminen ole v\u00e4ltt\u00e4m\u00e4t\u00f6nt\u00e4, koska h\u00e4lyt j\u00e4tet\u00e4\u00e4n joka tapauksessa pois p\u00e4\u00e4lt\u00e4 vuokralaisia varten<\/p>\n","protected":false},"excerpt":{"rendered":"<p>M\u00f6kki Kohde Ohjeet Lokakaivo Lokakaivossa on langaton t\u00e4yttymish\u00e4lytin. H\u00e4lytin on kodinhoitohuoneen sein\u00e4ll\u00e4. Sen pit\u00e4\u00e4 olla kytkettyn\u00e4 verkkovirtaan ja vihre\u00e4n OK-valon palaa. Mik\u00e4li punainen error-valo palaa, ei t\u00e4yttymissensorilta ole saatu signaalia, ja t\u00e4ll\u00f6in kaivo on tarkastettava k\u00e4ym\u00e4ll\u00e4 katsomassa kaivoon. Mik\u00e4li punainen full-valo palaa, on kaivo t\u00e4ynn\u00e4. Virhetilanteesta tai kaivon t\u00e4yttymisest\u00e4 ilmoitetaan omistajalle. Jos lis\u00e4ksi kuuluu \u00e4\u00e4nisignaali, &hellip; <\/p>\n<p class=\"link-more\"><a href=\"https:\/\/villa.pikkujalo.fi\/en\/tyoohjeet\/\" class=\"more-link\">Continue reading<span class=\"screen-reader-text\"> &#8220;Ty\u00f6ohjeet&#8221;<\/span><\/a><\/p>\n","protected":false},"author":1,"featured_media":0,"parent":0,"menu_order":0,"comment_status":"closed","ping_status":"closed","template":"","meta":[],"translation":{"provider":"WPGlobus","version":"3.0.1","language":"en","enabled_languages":["fi","en"],"languages":{"fi":{"title":true,"content":true,"excerpt":false},"en":{"title":false,"content":false,"excerpt":false}}},"yoast_head":"<!-- This site is optimized with the Yoast SEO plugin v15.9.2 - https:\/\/yoast.com\/wordpress\/plugins\/seo\/ -->\n<title>Ty\u00f6ohjeet - Villa Pikkujalo<\/title>\n<meta name=\"robots\" content=\"index, follow, max-snippet:-1, max-image-preview:large, max-video-preview:-1\" \/>\n<link rel=\"canonical\" href=\"https:\/\/villa.pikkujalo.fi\/tyoohjeet\/\" \/>\n<meta property=\"og:locale\" content=\"en_US\" \/>\n<meta property=\"og:type\" content=\"article\" \/>\n<meta property=\"og:title\" content=\"Ty\u00f6ohjeet - Villa Pikkujalo\" \/>\n<meta property=\"og:url\" content=\"https:\/\/villa.pikkujalo.fi\/tyoohjeet\/\" \/>\n<meta property=\"og:site_name\" content=\"Villa Pikkujalo\" \/>\n<meta property=\"article:modified_time\" content=\"2020-07-17T11:44:17+00:00\" \/>\n<meta property=\"og:image\" content=\"http:\/\/31.217.196.198\/~qfwxlryh\/villa\/wp-content\/uploads\/lvv_lammitykset.png\" \/>\n<meta name=\"twitter:card\" content=\"summary\" \/>\n<meta name=\"twitter:label1\" content=\"Est. reading time\">\n\t<meta name=\"twitter:data1\" content=\"6 minutes\">\n<script type=\"application\/ld+json\" class=\"yoast-schema-graph\">{\"@context\":\"https:\/\/schema.org\",\"@graph\":[{\"@type\":\"WebSite\",\"@id\":\"https:\/\/villa.pikkujalo.fi\/#website\",\"url\":\"https:\/\/villa.pikkujalo.fi\/\",\"name\":\"Villa Pikkujalo\",\"description\":\"High quality villa accommodation near Sotkamo and Vuokatti\",\"potentialAction\":[{\"@type\":\"SearchAction\",\"target\":\"https:\/\/villa.pikkujalo.fi\/?s={search_term_string}\",\"query-input\":\"required name=search_term_string\"}],\"inLanguage\":\"en-US\"},{\"@type\":\"ImageObject\",\"@id\":\"https:\/\/villa.pikkujalo.fi\/tyoohjeet\/#primaryimage\",\"inLanguage\":\"en-US\",\"url\":\"http:\/\/31.217.196.198\/~qfwxlryh\/villa\/wp-content\/uploads\/lvv_lammitykset.png\"},{\"@type\":\"WebPage\",\"@id\":\"https:\/\/villa.pikkujalo.fi\/tyoohjeet\/#webpage\",\"url\":\"https:\/\/villa.pikkujalo.fi\/tyoohjeet\/\",\"name\":\"Ty\\u00f6ohjeet - Villa Pikkujalo\",\"isPartOf\":{\"@id\":\"https:\/\/villa.pikkujalo.fi\/#website\"},\"primaryImageOfPage\":{\"@id\":\"https:\/\/villa.pikkujalo.fi\/tyoohjeet\/#primaryimage\"},\"datePublished\":\"2017-10-10T14:01:35+00:00\",\"dateModified\":\"2020-07-17T11:44:17+00:00\",\"breadcrumb\":{\"@id\":\"https:\/\/villa.pikkujalo.fi\/tyoohjeet\/#breadcrumb\"},\"inLanguage\":\"en-US\",\"potentialAction\":[{\"@type\":\"ReadAction\",\"target\":[\"https:\/\/villa.pikkujalo.fi\/tyoohjeet\/\"]}]},{\"@type\":\"BreadcrumbList\",\"@id\":\"https:\/\/villa.pikkujalo.fi\/tyoohjeet\/#breadcrumb\",\"itemListElement\":[{\"@type\":\"ListItem\",\"position\":1,\"item\":{\"@type\":\"WebPage\",\"@id\":\"https:\/\/villa.pikkujalo.fi\/\",\"url\":\"https:\/\/villa.pikkujalo.fi\/\",\"name\":\"Home\"}},{\"@type\":\"ListItem\",\"position\":2,\"item\":{\"@type\":\"WebPage\",\"@id\":\"https:\/\/villa.pikkujalo.fi\/tyoohjeet\/\",\"url\":\"https:\/\/villa.pikkujalo.fi\/tyoohjeet\/\",\"name\":\"Ty\\u00f6ohjeet\"}}]}]}<\/script>\n<!-- \/ Yoast SEO plugin. -->","_links":{"self":[{"href":"https:\/\/villa.pikkujalo.fi\/en\/wp-json\/wp\/v2\/pages\/423"}],"collection":[{"href":"https:\/\/villa.pikkujalo.fi\/en\/wp-json\/wp\/v2\/pages"}],"about":[{"href":"https:\/\/villa.pikkujalo.fi\/en\/wp-json\/wp\/v2\/types\/page"}],"author":[{"embeddable":true,"href":"https:\/\/villa.pikkujalo.fi\/en\/wp-json\/wp\/v2\/users\/1"}],"replies":[{"embeddable":true,"href":"https:\/\/villa.pikkujalo.fi\/en\/wp-json\/wp\/v2\/comments?post=423"}],"version-history":[{"count":35,"href":"https:\/\/villa.pikkujalo.fi\/en\/wp-json\/wp\/v2\/pages\/423\/revisions"}],"predecessor-version":[{"id":992,"href":"https:\/\/villa.pikkujalo.fi\/en\/wp-json\/wp\/v2\/pages\/423\/revisions\/992"}],"wp:attachment":[{"href":"https:\/\/villa.pikkujalo.fi\/en\/wp-json\/wp\/v2\/media?parent=423"}],"curies":[{"name":"wp","href":"https:\/\/api.w.org\/{rel}","templated":true}]}}