{"id":249,"date":"2017-04-06T09:37:15","date_gmt":"2017-04-06T06:37:15","guid":{"rendered":"http:\/\/31.217.196.198\/~qfwxlryh\/villa\/?page_id=249"},"modified":"2018-10-30T22:01:44","modified_gmt":"2018-10-30T20:01:44","slug":"etusivu","status":"publish","type":"page","link":"https:\/\/villa.pikkujalo.fi\/en\/etusivu\/","title":{"rendered":"Overview"},"content":{"rendered":"<p>Villa Pikkujalo is a luxury villa for rent in Sotkamo, Finland. It offers all modern comforts for up to ten people in a very peaceful setting by the lake, yet close to all activities of Sotkamo and Vuokatti. The yard is open and sunny throughout the day. The road is flat and of good quality all the way and there is ample parking space.<\/p>\n<p>On these pages you can find more information and request\u00a0a booking.<\/p>\n","protected":false},"excerpt":{"rendered":"<p>Villa Pikkujalo is a luxury villa for rent in Sotkamo, Finland. It offers all modern comforts for up to ten people in a very peaceful setting by the lake, yet close to all activities of Sotkamo and Vuokatti. The yard is open and sunny throughout the day. The road is flat and of good quality &hellip; <\/p>\n<p class=\"link-more\"><a href=\"https:\/\/villa.pikkujalo.fi\/en\/etusivu\/\" class=\"more-link\">Continue reading<span class=\"screen-reader-text\"> &#8220;Overview&#8221;<\/span><\/a><\/p>\n","protected":false},"author":1,"featured_media":347,"parent":0,"menu_order":0,"comment_status":"closed","ping_status":"closed","template":"","meta":[],"translation":{"provider":"WPGlobus","version":"3.0.1","language":"en","enabled_languages":["fi","en"],"languages":{"fi":{"title":true,"content":true,"excerpt":false},"en":{"title":true,"content":true,"excerpt":false}}},"yoast_head":"<!-- This site is optimized with the Yoast SEO plugin v15.9.2 - https:\/\/yoast.com\/wordpress\/plugins\/seo\/ -->\n<title>Villa Pikkujalo - Luxury villa\/cottage for rent in Sotkamo near Vuokatti<\/title>\n<meta name=\"description\" content=\"Villa Pikkujalo offers luxury villa\/cottage accommodation in Sotkamo, near Vuokatti. On these pages you\u2019ll find more information about the villa, the lakeside sauna, location and nearby activities.\" \/>\n<meta name=\"robots\" content=\"index, follow, max-snippet:-1, max-image-preview:large, max-video-preview:-1\" \/>\n<link rel=\"canonical\" href=\"https:\/\/villa.pikkujalo.fi\/etusivu\/\" \/>\n<meta property=\"og:locale\" content=\"en_US\" \/>\n<meta property=\"og:type\" content=\"article\" \/>\n<meta property=\"og:title\" content=\"{:fi}Villa Pikkujalo - Luksusm\u00f6kki vuokrattavana Sotkamossa l\u00e4hell\u00e4 Vuokattia{:}{:en}Villa Pikkujalo - Luxury villa\/cottage for rent in Sotkamo near Vuokatti{:}\" \/>\n<meta property=\"og:description\" content=\"Villa Pikkujalo offers luxury villa\/cottage accommodation in Sotkamo, near Vuokatti. On these pages you\u2019ll find more information about the villa, the lakeside sauna, location and nearby activities.\" \/>\n<meta property=\"og:url\" content=\"https:\/\/villa.pikkujalo.fi\/etusivu\/\" \/>\n<meta property=\"og:site_name\" content=\"Villa Pikkujalo\" \/>\n<meta property=\"article:modified_time\" content=\"2018-10-30T20:01:44+00:00\" \/>\n<meta property=\"og:image\" content=\"https:\/\/villa.pikkujalo.fi\/wp-content\/uploads\/DSC01284-e1605431397543.jpg\" \/>\n\t<meta property=\"og:image:width\" content=\"2700\" \/>\n\t<meta property=\"og:image:height\" content=\"1800\" \/>\n<meta name=\"twitter:card\" content=\"summary\" \/>\n<meta name=\"twitter:label1\" content=\"Est. reading time\">\n\t<meta name=\"twitter:data1\" content=\"1 minute\">\n<script type=\"application\/ld+json\" class=\"yoast-schema-graph\">{\"@context\":\"https:\/\/schema.org\",\"@graph\":[{\"@type\":\"WebSite\",\"@id\":\"https:\/\/villa.pikkujalo.fi\/#website\",\"url\":\"https:\/\/villa.pikkujalo.fi\/\",\"name\":\"Villa Pikkujalo\",\"description\":\"High quality villa accommodation near Sotkamo and Vuokatti\",\"potentialAction\":[{\"@type\":\"SearchAction\",\"target\":\"https:\/\/villa.pikkujalo.fi\/?s={search_term_string}\",\"query-input\":\"required name=search_term_string\"}],\"inLanguage\":\"en-US\"},{\"@type\":\"ImageObject\",\"@id\":\"https:\/\/villa.pikkujalo.fi\/etusivu\/#primaryimage\",\"inLanguage\":\"en-US\",\"url\":\"https:\/\/villa.pikkujalo.fi\/wp-content\/uploads\/DSC01284-e1605431397543.jpg\",\"width\":2700,\"height\":1800},{\"@type\":\"WebPage\",\"@id\":\"https:\/\/villa.pikkujalo.fi\/etusivu\/#webpage\",\"url\":\"https:\/\/villa.pikkujalo.fi\/etusivu\/\",\"name\":\"Villa Pikkujalo - Luksusm\\u00f6kki vuokrattavana Sotkamossa l\\u00e4hell\\u00e4 Vuokattia\",\"isPartOf\":{\"@id\":\"https:\/\/villa.pikkujalo.fi\/#website\"},\"primaryImageOfPage\":{\"@id\":\"https:\/\/villa.pikkujalo.fi\/etusivu\/#primaryimage\"},\"datePublished\":\"2017-04-06T06:37:15+00:00\",\"dateModified\":\"2018-10-30T20:01:44+00:00\",\"description\":\"Villa Pikkujalo offers luxury villa\/cottage accommodation in Sotkamo, near Vuokatti. On these pages you\\u2019ll find more information about the villa, the lakeside sauna, location and nearby activities.\",\"breadcrumb\":{\"@id\":\"https:\/\/villa.pikkujalo.fi\/etusivu\/#breadcrumb\"},\"inLanguage\":\"en-US\",\"potentialAction\":[{\"@type\":\"ReadAction\",\"target\":[\"https:\/\/villa.pikkujalo.fi\/etusivu\/\"]}]},{\"@type\":\"BreadcrumbList\",\"@id\":\"https:\/\/villa.pikkujalo.fi\/etusivu\/#breadcrumb\",\"itemListElement\":[{\"@type\":\"ListItem\",\"position\":1,\"item\":{\"@type\":\"WebPage\",\"@id\":\"https:\/\/villa.pikkujalo.fi\/\",\"url\":\"https:\/\/villa.pikkujalo.fi\/\",\"name\":\"Home\"}},{\"@type\":\"ListItem\",\"position\":2,\"item\":{\"@type\":\"WebPage\",\"@id\":\"https:\/\/villa.pikkujalo.fi\/etusivu\/\",\"url\":\"https:\/\/villa.pikkujalo.fi\/etusivu\/\",\"name\":\"Yleist\\u00e4\"}}]}]}<\/script>\n<!-- \/ Yoast SEO plugin. -->","_links":{"self":[{"href":"https:\/\/villa.pikkujalo.fi\/en\/wp-json\/wp\/v2\/pages\/249"}],"collection":[{"href":"https:\/\/villa.pikkujalo.fi\/en\/wp-json\/wp\/v2\/pages"}],"about":[{"href":"https:\/\/villa.pikkujalo.fi\/en\/wp-json\/wp\/v2\/types\/page"}],"author":[{"embeddable":true,"href":"https:\/\/villa.pikkujalo.fi\/en\/wp-json\/wp\/v2\/users\/1"}],"replies":[{"embeddable":true,"href":"https:\/\/villa.pikkujalo.fi\/en\/wp-json\/wp\/v2\/comments?post=249"}],"version-history":[{"count":12,"href":"https:\/\/villa.pikkujalo.fi\/en\/wp-json\/wp\/v2\/pages\/249\/revisions"}],"predecessor-version":[{"id":723,"href":"https:\/\/villa.pikkujalo.fi\/en\/wp-json\/wp\/v2\/pages\/249\/revisions\/723"}],"wp:featuredmedia":[{"embeddable":true,"href":"https:\/\/villa.pikkujalo.fi\/en\/wp-json\/wp\/v2\/media\/347"}],"wp:attachment":[{"href":"https:\/\/villa.pikkujalo.fi\/en\/wp-json\/wp\/v2\/media?parent=249"}],"curies":[{"name":"wp","href":"https:\/\/api.w.org\/{rel}","templated":true}]}}