{"id":18,"date":"2016-09-30T23:05:41","date_gmt":"2016-09-30T20:05:41","guid":{"rendered":"http:\/\/pikkujalo.fi\/kaislaranta\/?page_id=18"},"modified":"2020-11-15T21:50:50","modified_gmt":"2020-11-15T19:50:50","slug":"sijainti","status":"publish","type":"page","link":"https:\/\/villa.pikkujalo.fi\/en\/sijainti\/","title":{"rendered":"Location"},"content":{"rendered":"<p><img loading=\"lazy\" class=\"size-full wp-image-572 alignright\" src=\"https:\/\/villa.pikkujalo.fi\/wp-content\/uploads\/finland_small.jpg\" alt=\"\" width=\"141\" height=\"300\" srcset=\"https:\/\/villa.pikkujalo.fi\/wp-content\/uploads\/finland_small.jpg 141w, https:\/\/villa.pikkujalo.fi\/wp-content\/uploads\/finland_small-71x150.jpg 71w\" sizes=\"(max-width: 141px) 100vw, 141px\" \/>The village of <a href=\"https:\/\/en.wikipedia.org\/wiki\/Sotkamo\">Sotkamo<\/a> is located in eastern Finland, about 600kms from the capital city Helsinki. The area is sparsely populated with a lot of lakes and wilderness areas. The versatile and popular sports resort Vuokatti is just a few kilometres away.<\/p>\n<p>The villa is located on the north shore of lake Iso-Kiimanen, approximately 7 kms from the village of Sotkamo and 14 kms from the village of Vuokatti. The location is very quiet at the end of a private road. The nearest neighbour is 300 meters away as the crow flies. The plot is over 9 acres, so peace and quiet is ensured.<\/p>\n<p>Other distances:<\/p>\n<ul>\n<li style=\"list-style-type: none;\">\n<ul>\n<li>Restaurants, shops: 7 kms<\/li>\n<li>Cross country skiing track: 2 kms<\/li>\n<li>Golf course: 16 kms<\/li>\n<li>Ski slope: 14kms<\/li>\n<li>Angry Birds activity park: 14 kms<\/li>\n<li>Bus stop: 4kms<\/li>\n<li>Bus station (Sotkamo): 8 kms<\/li>\n<li>Railway station (Kajaani): 47 kms<\/li>\n<li>Airport (Kajaani): 55 kms<\/li>\n<\/ul>\n<\/li>\n<\/ul>\n","protected":false},"excerpt":{"rendered":"<p>The village of Sotkamo is located in eastern Finland, about 600kms from the capital city Helsinki. The area is sparsely populated with a lot of lakes and wilderness areas. The versatile and popular sports resort Vuokatti is just a few kilometres away. The villa is located on the north shore of lake Iso-Kiimanen, approximately 7 &hellip; <\/p>\n<p class=\"link-more\"><a href=\"https:\/\/villa.pikkujalo.fi\/en\/sijainti\/\" class=\"more-link\">Continue reading<span class=\"screen-reader-text\"> &#8220;Location&#8221;<\/span><\/a><\/p>\n","protected":false},"author":1,"featured_media":280,"parent":0,"menu_order":0,"comment_status":"closed","ping_status":"closed","template":"","meta":[],"translation":{"provider":"WPGlobus","version":"3.0.1","language":"en","enabled_languages":["fi","en"],"languages":{"fi":{"title":true,"content":true,"excerpt":false},"en":{"title":true,"content":true,"excerpt":false}}},"yoast_head":"<!-- This site is optimized with the Yoast SEO plugin v15.9.2 - https:\/\/yoast.com\/wordpress\/plugins\/seo\/ -->\n<title>Villa Pikkujalo - Peaceful location by the lake, yet close to Sotkamo and Vuokatti<\/title>\n<meta name=\"description\" content=\"Villa Pikkujalo offers luxury villa\/cottage accommodation in Sotkamo, near Vuokatti. On this page you\u2019ll find the location of the villa.\" \/>\n<meta name=\"robots\" content=\"index, follow, max-snippet:-1, max-image-preview:large, max-video-preview:-1\" \/>\n<link rel=\"canonical\" href=\"https:\/\/villa.pikkujalo.fi\/sijainti\/\" \/>\n<meta property=\"og:locale\" content=\"en_US\" \/>\n<meta property=\"og:type\" content=\"article\" \/>\n<meta property=\"og:title\" content=\"{:fi}Villa Pikkujalo - Rauhallinen sijainti j\u00e4rven rannalla, kuitenkin l\u00e4hell\u00e4 Sotkamon ja Vuokatin palveluja{:}{:en}Villa Pikkujalo - Peaceful location by the lake, yet close to Sotkamo and Vuokatti{:}\" \/>\n<meta property=\"og:description\" content=\"Villa Pikkujalo offers luxury villa\/cottage accommodation in Sotkamo, near Vuokatti. On this page you\u2019ll find the location of the villa.\" \/>\n<meta property=\"og:url\" content=\"https:\/\/villa.pikkujalo.fi\/sijainti\/\" \/>\n<meta property=\"og:site_name\" content=\"Villa Pikkujalo\" \/>\n<meta property=\"article:modified_time\" content=\"2020-11-15T19:50:50+00:00\" \/>\n<meta property=\"og:image\" content=\"https:\/\/villa.pikkujalo.fi\/wp-content\/uploads\/sotkamo_kartta_merkitty.png\" \/>\n\t<meta property=\"og:image:width\" content=\"2300\" \/>\n\t<meta property=\"og:image:height\" content=\"1099\" \/>\n<meta name=\"twitter:card\" content=\"summary\" \/>\n<meta name=\"twitter:label1\" content=\"Est. reading time\">\n\t<meta name=\"twitter:data1\" content=\"1 minute\">\n<script type=\"application\/ld+json\" class=\"yoast-schema-graph\">{\"@context\":\"https:\/\/schema.org\",\"@graph\":[{\"@type\":\"WebSite\",\"@id\":\"https:\/\/villa.pikkujalo.fi\/#website\",\"url\":\"https:\/\/villa.pikkujalo.fi\/\",\"name\":\"Villa Pikkujalo\",\"description\":\"High quality villa accommodation near Sotkamo and Vuokatti\",\"potentialAction\":[{\"@type\":\"SearchAction\",\"target\":\"https:\/\/villa.pikkujalo.fi\/?s={search_term_string}\",\"query-input\":\"required name=search_term_string\"}],\"inLanguage\":\"en-US\"},{\"@type\":\"ImageObject\",\"@id\":\"https:\/\/villa.pikkujalo.fi\/sijainti\/#primaryimage\",\"inLanguage\":\"en-US\",\"url\":\"https:\/\/villa.pikkujalo.fi\/wp-content\/uploads\/sotkamo_kartta_merkitty.png\",\"width\":2300,\"height\":1099},{\"@type\":\"WebPage\",\"@id\":\"https:\/\/villa.pikkujalo.fi\/sijainti\/#webpage\",\"url\":\"https:\/\/villa.pikkujalo.fi\/sijainti\/\",\"name\":\"Villa Pikkujalo - Peaceful location by the lake, yet close to Sotkamo and Vuokatti\",\"isPartOf\":{\"@id\":\"https:\/\/villa.pikkujalo.fi\/#website\"},\"primaryImageOfPage\":{\"@id\":\"https:\/\/villa.pikkujalo.fi\/sijainti\/#primaryimage\"},\"datePublished\":\"2016-09-30T20:05:41+00:00\",\"dateModified\":\"2020-11-15T19:50:50+00:00\",\"description\":\"Villa Pikkujalo offers luxury villa\/cottage accommodation in Sotkamo, near Vuokatti. On this page you\\u2019ll find the location of the villa.\",\"breadcrumb\":{\"@id\":\"https:\/\/villa.pikkujalo.fi\/sijainti\/#breadcrumb\"},\"inLanguage\":\"en-US\",\"potentialAction\":[{\"@type\":\"ReadAction\",\"target\":[\"https:\/\/villa.pikkujalo.fi\/sijainti\/\"]}]},{\"@type\":\"BreadcrumbList\",\"@id\":\"https:\/\/villa.pikkujalo.fi\/sijainti\/#breadcrumb\",\"itemListElement\":[{\"@type\":\"ListItem\",\"position\":1,\"item\":{\"@type\":\"WebPage\",\"@id\":\"https:\/\/villa.pikkujalo.fi\/\",\"url\":\"https:\/\/villa.pikkujalo.fi\/\",\"name\":\"Home\"}},{\"@type\":\"ListItem\",\"position\":2,\"item\":{\"@type\":\"WebPage\",\"@id\":\"https:\/\/villa.pikkujalo.fi\/sijainti\/\",\"url\":\"https:\/\/villa.pikkujalo.fi\/sijainti\/\",\"name\":\"Location\"}}]}]}<\/script>\n<!-- \/ Yoast SEO plugin. -->","_links":{"self":[{"href":"https:\/\/villa.pikkujalo.fi\/en\/wp-json\/wp\/v2\/pages\/18"}],"collection":[{"href":"https:\/\/villa.pikkujalo.fi\/en\/wp-json\/wp\/v2\/pages"}],"about":[{"href":"https:\/\/villa.pikkujalo.fi\/en\/wp-json\/wp\/v2\/types\/page"}],"author":[{"embeddable":true,"href":"https:\/\/villa.pikkujalo.fi\/en\/wp-json\/wp\/v2\/users\/1"}],"replies":[{"embeddable":true,"href":"https:\/\/villa.pikkujalo.fi\/en\/wp-json\/wp\/v2\/comments?post=18"}],"version-history":[{"count":16,"href":"https:\/\/villa.pikkujalo.fi\/en\/wp-json\/wp\/v2\/pages\/18\/revisions"}],"predecessor-version":[{"id":1018,"href":"https:\/\/villa.pikkujalo.fi\/en\/wp-json\/wp\/v2\/pages\/18\/revisions\/1018"}],"wp:featuredmedia":[{"embeddable":true,"href":"https:\/\/villa.pikkujalo.fi\/en\/wp-json\/wp\/v2\/media\/280"}],"wp:attachment":[{"href":"https:\/\/villa.pikkujalo.fi\/en\/wp-json\/wp\/v2\/media?parent=18"}],"curies":[{"name":"wp","href":"https:\/\/api.w.org\/{rel}","templated":true}]}}